{"id":470,"date":"2026-01-27T13:22:05","date_gmt":"2026-01-27T12:22:05","guid":{"rendered":"https:\/\/infosel.ulis.fr\/?post_type=product&#038;p=470"},"modified":"2026-01-27T14:32:52","modified_gmt":"2026-01-27T13:32:52","slug":"ordinateur-all-in-one-dell-inspiron-one-2330-reconditionne","status":"publish","type":"product","link":"https:\/\/infosel.ulis.fr\/?product=ordinateur-all-in-one-dell-inspiron-one-2330-reconditionne","title":{"rendered":"Ordinateur All In One Dell Inspiron One 2330 reconditionn\u00e9"},"content":{"rendered":"<p>DELL Inspiron One 2330. Type de produit: PC All-in-One. Taille de l&rsquo;\u00e9cran: 58,4 cm (23&Prime;), Type HD: Full<br \/>\nHD, R\u00e9solution de l&rsquo;\u00e9cran: 1920 x 1080 pixels, \u00c9cran tactile. Famille de processeur: Intel\u00ae Core\u2122 i3,<br \/>\nFr\u00e9quence du processeur: 3,4 GHz. M\u00e9moire interne: 8 Go, Type de m\u00e9moire interne: DDR3-SDRAM.<br \/>\nCapacit\u00e9 totale de stockage: 256 Go, Supports de stockage: SSD. Mod\u00e8le d&rsquo;adaptateur graphique distinct:<br \/>\nAMD Radeon HD 7650A. Lecteur optique: DVD\u00b1RW. Syst\u00e8me d&rsquo;exploitation install\u00e9: Windows 11 Pro. Couleur<br \/>\ndu produit: Noir, Argent<\/p>\n<p>Bon \u00e9tat mais lecteur DVD fonctionnel mais r\u00e9calcitrant.<\/p>\n","protected":false},"excerpt":{"rendered":"<ul>\n<li>Dell OptiPlex 9030 AIO (6,5Kg)<\/li>\n<li>Ecran tactile 58,4cm 23&Prime; (Full HD de 1920 x 1080)<\/li>\n<li>Intel Core i3-3220 CPU @ 3.30GHz<\/li>\n<li>SSD 240Go \/CD Rom<\/li>\n<li>DDR3 &#8211; SODIMM 8 Go<\/li>\n<li>C\u00e2ble secteur, Clavier, Souris<\/li>\n<li>Wireless Network Adapter,Ethernet\/LAN 10,100,1000 Mbit\/s Bluetooth 4.0<\/li>\n<li>Windows 11 Professionnel<\/li>\n<li>Ann\u00e9e de sortie 2015<\/li>\n<\/ul>\n","protected":false},"featured_media":310,"comment_status":"open","ping_status":"closed","template":"","meta":{"site-sidebar-layout":"default","site-content-layout":"","ast-site-content-layout":"default","site-content-style":"default","site-sidebar-style":"default","ast-global-header-display":"","ast-banner-title-visibility":"","ast-main-header-display":"","ast-hfb-above-header-display":"","ast-hfb-below-header-display":"","ast-hfb-mobile-header-display":"","site-post-title":"","ast-breadcrumbs-content":"","ast-featured-img":"","footer-sml-layout":"","ast-disable-related-posts":"","theme-transparent-header-meta":"default","adv-header-id-meta":"","stick-header-meta":"","header-above-stick-meta":"","header-main-stick-meta":"","header-below-stick-meta":"","astra-migrate-meta-layouts":"set","ast-page-background-enabled":"default","ast-page-background-meta":{"desktop":{"background-color":"var(--ast-global-color-4)","background-image":"","background-repeat":"repeat","background-position":"center center","background-size":"auto","background-attachment":"scroll","background-type":"","background-media":"","overlay-type":"","overlay-color":"","overlay-opacity":"","overlay-gradient":""},"tablet":{"background-color":"","background-image":"","background-repeat":"repeat","background-position":"center center","background-size":"auto","background-attachment":"scroll","background-type":"","background-media":"","overlay-type":"","overlay-color":"","overlay-opacity":"","overlay-gradient":""},"mobile":{"background-color":"","background-image":"","background-repeat":"repeat","background-position":"center center","background-size":"auto","background-attachment":"scroll","background-type":"","background-media":"","overlay-type":"","overlay-color":"","overlay-opacity":"","overlay-gradient":""}},"ast-content-background-meta":{"desktop":{"background-color":"var(--ast-global-color-5)","background-image":"","background-repeat":"repeat","background-position":"center center","background-size":"auto","background-attachment":"scroll","background-type":"","background-media":"","overlay-type":"","overlay-color":"","overlay-opacity":"","overlay-gradient":""},"tablet":{"background-color":"var(--ast-global-color-5)","background-image":"","background-repeat":"repeat","background-position":"center center","background-size":"auto","background-attachment":"scroll","background-type":"","background-media":"","overlay-type":"","overlay-color":"","overlay-opacity":"","overlay-gradient":""},"mobile":{"background-color":"var(--ast-global-color-5)","background-image":"","background-repeat":"repeat","background-position":"center center","background-size":"auto","background-attachment":"scroll","background-type":"","background-media":"","overlay-type":"","overlay-color":"","overlay-opacity":"","overlay-gradient":""}}},"product_brand":[],"product_cat":[23],"product_tag":[],"class_list":{"0":"post-470","1":"product","2":"type-product","3":"status-publish","4":"has-post-thumbnail","6":"product_cat-tout-en-un","7":"desktop-align-left","8":"tablet-align-left","9":"mobile-align-left","11":"first","12":"instock","13":"sale","14":"sold-individually","15":"shipping-taxable","16":"purchasable","17":"product-type-simple"},"_links":{"self":[{"href":"https:\/\/infosel.ulis.fr\/index.php?rest_route=\/wp\/v2\/product\/470","targetHints":{"allow":["GET"]}}],"collection":[{"href":"https:\/\/infosel.ulis.fr\/index.php?rest_route=\/wp\/v2\/product"}],"about":[{"href":"https:\/\/infosel.ulis.fr\/index.php?rest_route=\/wp\/v2\/types\/product"}],"replies":[{"embeddable":true,"href":"https:\/\/infosel.ulis.fr\/index.php?rest_route=%2Fwp%2Fv2%2Fcomments&post=470"}],"wp:featuredmedia":[{"embeddable":true,"href":"https:\/\/infosel.ulis.fr\/index.php?rest_route=\/wp\/v2\/media\/310"}],"wp:attachment":[{"href":"https:\/\/infosel.ulis.fr\/index.php?rest_route=%2Fwp%2Fv2%2Fmedia&parent=470"}],"wp:term":[{"taxonomy":"product_brand","embeddable":true,"href":"https:\/\/infosel.ulis.fr\/index.php?rest_route=%2Fwp%2Fv2%2Fproduct_brand&post=470"},{"taxonomy":"product_cat","embeddable":true,"href":"https:\/\/infosel.ulis.fr\/index.php?rest_route=%2Fwp%2Fv2%2Fproduct_cat&post=470"},{"taxonomy":"product_tag","embeddable":true,"href":"https:\/\/infosel.ulis.fr\/index.php?rest_route=%2Fwp%2Fv2%2Fproduct_tag&post=470"}],"curies":[{"name":"wp","href":"https:\/\/api.w.org\/{rel}","templated":true}]}}