{"id":312,"date":"2026-01-12T13:16:49","date_gmt":"2026-01-12T12:16:49","guid":{"rendered":"https:\/\/infosel.ulis.fr\/?post_type=product&#038;p=312"},"modified":"2026-02-03T14:19:36","modified_gmt":"2026-02-03T13:19:36","slug":"ordinateur-dell-optiplex-3040-micro-reconditionne","status":"publish","type":"product","link":"https:\/\/infosel.ulis.fr\/?product=ordinateur-dell-optiplex-3040-micro-reconditionne","title":{"rendered":"Ordinateur Dell OptiPlex 3040 Micro reconditionn\u00e9"},"content":{"rendered":"<p>Petit, mais si puissant<br \/>\n&#8211; Toute puissance : optimis\u00e9 par des processeurs Intel\u00ae Core(TM) de 6e g\u00e9n\u00e9ration.<br \/>\n&#8211; Multit\u00e2che fluide : jusqu&rsquo;\u00e0 16 Go de m\u00e9moire DDR3 pour un workflow fluide sur plusieurs applications.<br \/>\n&#8211; Prise en charge de deux \u00e9crans : la connectivit\u00e9 DisplayPort, HDMI et VGA (en option) offre une meilleure visibilit\u00e9 de vos t\u00e2ches.<br \/>\nFacilit\u00e9 de gestion fluide<br \/>\n&#8211; L&rsquo;ordinateur le plus facile \u00e0 g\u00e9rer : manipulez les param\u00e8tres du BIOS et configurez les syst\u00e8mes avec la flexibilit\u00e9 requise par les infrastructures informatiques<br \/>\ndes entreprises.<br \/>\n&#8211; Vous avez les cl\u00e9s en main : les outils gratuits de la suite Dell Client Command Suite permettent de configurer le syst\u00e8me et le BIOS de l&rsquo;ensemble de votre<br \/>\nparc d&rsquo;ordinateurs de bureau de mani\u00e8re flexible et automatis\u00e9e.<br \/>\n&#8211; Hors site ? Pas de panique : g\u00e9rez \u00e0 distance votre parc d&rsquo;ordinateurs de bureau avec la technologie Intel\u00ae vPro(TM) en option, ainsi que les fonctionnalit\u00e9s<br \/>\nDell uniques de gestion hors bande du BIOS.<br \/>\n&#8211; Performances garanties : recevez des notifications de mise \u00e0 jour automatiques de la solution Dell Command | Update install\u00e9e en usine.<br \/>\n&#8211; Pour les entreprises de toutes tailles : les solutions de gestion des syst\u00e8mes Dell KACE r\u00e9pondent \u00e0 vos besoins de gestion informatiques exigeants.<br \/>\nUne s\u00e9curit\u00e9 optimale, d\u00e8s la premi\u00e8re utilisation<br \/>\nLes ordinateurs de bureau les plus s\u00e9curis\u00e9s au monde sont \u00e9quip\u00e9s du mat\u00e9riel et des logiciels Dell Data Protection, ainsi que d&rsquo;autres fonctionnalit\u00e9s en<br \/>\noption.<br \/>\n&#8211; Gestion \u00e0 distance centralis\u00e9e : respectez les r\u00e9glementations de conformit\u00e9 d\u00e8s la premi\u00e8re utilisation et prot\u00e9gez vos donn\u00e9es sur tout appareil avec la<br \/>\nsolution Dell Data Protection | Encryption.<br \/>\n&#8211; Options d&rsquo;authentification : assurez-vous que seuls les utilisateurs autoris\u00e9s ont acc\u00e8s \u00e0 vos donn\u00e9es avec le lecteur de carte \u00e0 puce, le lecteur de carte \u00e0 puce<br \/>\nsans contact ou les lecteurs d&#8217;empreintes digitales, tous certifi\u00e9s FIPS 201.<br \/>\n&#8211; Stockage s\u00e9curis\u00e9 des informations d&rsquo;identification : le module TPM certifi\u00e9 FIPS 140-2 et la solution Dell ControlVault offrent des couches de s\u00e9curit\u00e9<br \/>\nmat\u00e9rielle suppl\u00e9mentaires en isolant les mots de passe et les informations d&rsquo;identification des utilisateurs sur une puce mat\u00e9rielle contr\u00f4l\u00e9e s\u00e9par\u00e9ment.<br \/>\n&#8211; Bloquez les logiciels malveillants : la solution Dell Data Protection | Protected Workspace lance les applications dans un conteneur virtualis\u00e9 et restaure un<br \/>\nenvironnement s\u00e9curis\u00e9 en seulement 20 secondes.<br \/>\n&#8211; Console de s\u00e9curit\u00e9 unique : la suite Dell Data Protection | Endpoint Security Suite offre des fonctions compl\u00e8tes de protection contre les menaces, de<br \/>\nchiffrement et de gestion des acc\u00e8s et des authentifications, le tout avec une gestion centralis\u00e9e.<\/p>\n","protected":false},"excerpt":{"rendered":"<ul>\n<li>Dell OptiPlex 3040 Micro (1,3kg)<\/li>\n<li>Intel Pentium CPU G4400T @ 2.90GHz<\/li>\n<li>SSD 128Go<\/li>\n<li>DDR3 &#8211; SODIMM 8 Go<\/li>\n<li>C\u00e2ble secteur<\/li>\n<li>Realtek PCIe GbE Family<\/li>\n<li>Windows 11 Professionnel<\/li>\n<li>Ann\u00e9e de sortie 2019<\/li>\n<\/ul>\n<p>&nbsp;<\/p>\n","protected":false},"featured_media":316,"comment_status":"open","ping_status":"closed","template":"","meta":{"site-sidebar-layout":"default","site-content-layout":"","ast-site-content-layout":"default","site-content-style":"default","site-sidebar-style":"default","ast-global-header-display":"","ast-banner-title-visibility":"","ast-main-header-display":"","ast-hfb-above-header-display":"","ast-hfb-below-header-display":"","ast-hfb-mobile-header-display":"","site-post-title":"","ast-breadcrumbs-content":"","ast-featured-img":"","footer-sml-layout":"","ast-disable-related-posts":"","theme-transparent-header-meta":"default","adv-header-id-meta":"","stick-header-meta":"","header-above-stick-meta":"","header-main-stick-meta":"","header-below-stick-meta":"","astra-migrate-meta-layouts":"set","ast-page-background-enabled":"default","ast-page-background-meta":{"desktop":{"background-color":"var(--ast-global-color-4)","background-image":"","background-repeat":"repeat","background-position":"center center","background-size":"auto","background-attachment":"scroll","background-type":"","background-media":"","overlay-type":"","overlay-color":"","overlay-opacity":"","overlay-gradient":""},"tablet":{"background-color":"","background-image":"","background-repeat":"repeat","background-position":"center center","background-size":"auto","background-attachment":"scroll","background-type":"","background-media":"","overlay-type":"","overlay-color":"","overlay-opacity":"","overlay-gradient":""},"mobile":{"background-color":"","background-image":"","background-repeat":"repeat","background-position":"center center","background-size":"auto","background-attachment":"scroll","background-type":"","background-media":"","overlay-type":"","overlay-color":"","overlay-opacity":"","overlay-gradient":""}},"ast-content-background-meta":{"desktop":{"background-color":"var(--ast-global-color-5)","background-image":"","background-repeat":"repeat","background-position":"center center","background-size":"auto","background-attachment":"scroll","background-type":"","background-media":"","overlay-type":"","overlay-color":"","overlay-opacity":"","overlay-gradient":""},"tablet":{"background-color":"var(--ast-global-color-5)","background-image":"","background-repeat":"repeat","background-position":"center center","background-size":"auto","background-attachment":"scroll","background-type":"","background-media":"","overlay-type":"","overlay-color":"","overlay-opacity":"","overlay-gradient":""},"mobile":{"background-color":"var(--ast-global-color-5)","background-image":"","background-repeat":"repeat","background-position":"center center","background-size":"auto","background-attachment":"scroll","background-type":"","background-media":"","overlay-type":"","overlay-color":"","overlay-opacity":"","overlay-gradient":""}}},"product_brand":[],"product_cat":[21,24],"product_tag":[],"class_list":{"0":"post-312","1":"product","2":"type-product","3":"status-publish","4":"has-post-thumbnail","6":"product_cat-pc","7":"product_cat-pc-tour-micro","8":"desktop-align-left","9":"tablet-align-left","10":"mobile-align-left","12":"first","13":"instock","14":"sale","15":"shipping-taxable","16":"purchasable","17":"product-type-simple"},"_links":{"self":[{"href":"https:\/\/infosel.ulis.fr\/index.php?rest_route=\/wp\/v2\/product\/312","targetHints":{"allow":["GET"]}}],"collection":[{"href":"https:\/\/infosel.ulis.fr\/index.php?rest_route=\/wp\/v2\/product"}],"about":[{"href":"https:\/\/infosel.ulis.fr\/index.php?rest_route=\/wp\/v2\/types\/product"}],"replies":[{"embeddable":true,"href":"https:\/\/infosel.ulis.fr\/index.php?rest_route=%2Fwp%2Fv2%2Fcomments&post=312"}],"wp:featuredmedia":[{"embeddable":true,"href":"https:\/\/infosel.ulis.fr\/index.php?rest_route=\/wp\/v2\/media\/316"}],"wp:attachment":[{"href":"https:\/\/infosel.ulis.fr\/index.php?rest_route=%2Fwp%2Fv2%2Fmedia&parent=312"}],"wp:term":[{"taxonomy":"product_brand","embeddable":true,"href":"https:\/\/infosel.ulis.fr\/index.php?rest_route=%2Fwp%2Fv2%2Fproduct_brand&post=312"},{"taxonomy":"product_cat","embeddable":true,"href":"https:\/\/infosel.ulis.fr\/index.php?rest_route=%2Fwp%2Fv2%2Fproduct_cat&post=312"},{"taxonomy":"product_tag","embeddable":true,"href":"https:\/\/infosel.ulis.fr\/index.php?rest_route=%2Fwp%2Fv2%2Fproduct_tag&post=312"}],"curies":[{"name":"wp","href":"https:\/\/api.w.org\/{rel}","templated":true}]}}