{"id":308,"date":"2026-01-08T14:57:15","date_gmt":"2026-01-08T13:57:15","guid":{"rendered":"https:\/\/infosel.ulis.fr\/?post_type=product&#038;p=308"},"modified":"2026-01-12T14:56:40","modified_gmt":"2026-01-12T13:56:40","slug":"ordinateur-portable-lenovo-thinkpad-l380-tactile-reconditionne","status":"publish","type":"product","link":"https:\/\/infosel.ulis.fr\/?product=ordinateur-portable-lenovo-thinkpad-l380-tactile-reconditionne","title":{"rendered":"Ordinateur Portable Lenovo Thinkpad L380 Tactile reconditionn\u00e9"},"content":{"rendered":"<p>PERFORMANCES<br \/>\nProcesseur<\/p>\n<p>Intel Core i3-8130U CPU @ 2.20GHz<\/p>\n<p>Syst\u00e8me d&rsquo;exploitation<br \/>\nJusqu&rsquo;\u00e0 Windows\u00ae 11 Professionnel<br \/>\nCircuit graphique<br \/>\nInt\u00e9gr\u00e9 (Intel\u00ae HD Graphics 620)<br \/>\nCam\u00e9ra<br \/>\nHD 720p<br \/>\nM\u00e9moire<br \/>\nJusqu\u2019\u00e0 32 Go de DDR4 2 400 MHz<br \/>\n2 DIMM<br \/>\nStockage<br \/>\nSSD PCIe M.2 jusqu&rsquo;\u00e0 512 Go<br \/>\nBatterie<br \/>\nJusqu&rsquo;\u00e0 12 heures d\u2019autonomie*, 45 Wh<br \/>\nRapidCharge (adaptateur Type-C 65 W)<br \/>\n*Chiffre bas\u00e9 sur des tests r\u00e9alis\u00e9s avec MobileMark 2014. L&rsquo;autonomie<br \/>\nvarie en fonction de nombreux facteurs, notamment la configuration<br \/>\ndu syst\u00e8me et l&rsquo;usage qui en est fait.<br \/>\nAudio<br \/>\nHaut-parleurs 2 x 2 W, certification Lync,<br \/>\ndouble microphone num\u00e9rique<br \/>\nS\u00e9curit\u00e9<br \/>\nLecteur d&#8217;empreinte digitale tactile<br \/>\ndTPM 2.0<br \/>\nEmplacement de verrouillage Kensington\u00ae<br \/>\nCONNECTIVIT\u00c9<br \/>\nPorts d&rsquo;entr\u00e9es\/sorties<br \/>\n2 USB 3.0 Type-C, 2 USB 3.0, HDMI<br \/>\nWLAN<br \/>\nJusqu\u2019\u00e0 Intel\u00ae Dual Band Wireless-AC 8265<br \/>\n(WiFi 802.11ac 2 x 2 + Bluetooth\u00ae)<br \/>\nNFC<br \/>\nOui (option)<br \/>\nStation d&rsquo;accueil<br \/>\nStation d&rsquo;accueil USB 3.0, station d&rsquo;accueil Type-C<\/p>\n","protected":false},"excerpt":{"rendered":"<ul>\n<li>Lenovo Thinkpad L380 (1,5Kg)<\/li>\n<li>Ecran 13&Prime; (1366 x 768) Tactile<\/li>\n<li>Intel Core i3-8130U CPU @ 2.20GHz<\/li>\n<li>SSD SAMSUNG NVME 256Go<\/li>\n<li>DDR4 &#8211; SODIMM 8 Go<\/li>\n<li>Clavier AZERTY &#8211; Fran\u00e7ais<\/li>\n<li>Adaptateur secteur<\/li>\n<li>Wifi \/ Bluetooth \/ Ethernet Connection (4) I219-V<\/li>\n<li>USB-C \/ USB-A \/ HDMI \/<\/li>\n<li>Windows 11 Professionnel<\/li>\n<li>Avec Webcam \/ NO PAV<\/li>\n<li>Ann\u00e9e de sortie 2019<\/li>\n<\/ul>\n","protected":false},"featured_media":317,"comment_status":"open","ping_status":"closed","template":"","meta":{"site-sidebar-layout":"default","site-content-layout":"","ast-site-content-layout":"default","site-content-style":"default","site-sidebar-style":"default","ast-global-header-display":"","ast-banner-title-visibility":"","ast-main-header-display":"","ast-hfb-above-header-display":"","ast-hfb-below-header-display":"","ast-hfb-mobile-header-display":"","site-post-title":"","ast-breadcrumbs-content":"","ast-featured-img":"","footer-sml-layout":"","ast-disable-related-posts":"","theme-transparent-header-meta":"default","adv-header-id-meta":"","stick-header-meta":"","header-above-stick-meta":"","header-main-stick-meta":"","header-below-stick-meta":"","astra-migrate-meta-layouts":"set","ast-page-background-enabled":"default","ast-page-background-meta":{"desktop":{"background-color":"var(--ast-global-color-4)","background-image":"","background-repeat":"repeat","background-position":"center center","background-size":"auto","background-attachment":"scroll","background-type":"","background-media":"","overlay-type":"","overlay-color":"","overlay-opacity":"","overlay-gradient":""},"tablet":{"background-color":"","background-image":"","background-repeat":"repeat","background-position":"center center","background-size":"auto","background-attachment":"scroll","background-type":"","background-media":"","overlay-type":"","overlay-color":"","overlay-opacity":"","overlay-gradient":""},"mobile":{"background-color":"","background-image":"","background-repeat":"repeat","background-position":"center center","background-size":"auto","background-attachment":"scroll","background-type":"","background-media":"","overlay-type":"","overlay-color":"","overlay-opacity":"","overlay-gradient":""}},"ast-content-background-meta":{"desktop":{"background-color":"var(--ast-global-color-5)","background-image":"","background-repeat":"repeat","background-position":"center center","background-size":"auto","background-attachment":"scroll","background-type":"","background-media":"","overlay-type":"","overlay-color":"","overlay-opacity":"","overlay-gradient":""},"tablet":{"background-color":"var(--ast-global-color-5)","background-image":"","background-repeat":"repeat","background-position":"center center","background-size":"auto","background-attachment":"scroll","background-type":"","background-media":"","overlay-type":"","overlay-color":"","overlay-opacity":"","overlay-gradient":""},"mobile":{"background-color":"var(--ast-global-color-5)","background-image":"","background-repeat":"repeat","background-position":"center center","background-size":"auto","background-attachment":"scroll","background-type":"","background-media":"","overlay-type":"","overlay-color":"","overlay-opacity":"","overlay-gradient":""}}},"product_brand":[],"product_cat":[22],"product_tag":[],"class_list":{"0":"post-308","1":"product","2":"type-product","3":"status-publish","4":"has-post-thumbnail","6":"product_cat-pc-portable-pc","7":"desktop-align-left","8":"tablet-align-left","9":"mobile-align-left","11":"first","12":"instock","13":"shipping-taxable","14":"purchasable","15":"product-type-simple"},"_links":{"self":[{"href":"https:\/\/infosel.ulis.fr\/index.php?rest_route=\/wp\/v2\/product\/308","targetHints":{"allow":["GET"]}}],"collection":[{"href":"https:\/\/infosel.ulis.fr\/index.php?rest_route=\/wp\/v2\/product"}],"about":[{"href":"https:\/\/infosel.ulis.fr\/index.php?rest_route=\/wp\/v2\/types\/product"}],"replies":[{"embeddable":true,"href":"https:\/\/infosel.ulis.fr\/index.php?rest_route=%2Fwp%2Fv2%2Fcomments&post=308"}],"wp:featuredmedia":[{"embeddable":true,"href":"https:\/\/infosel.ulis.fr\/index.php?rest_route=\/wp\/v2\/media\/317"}],"wp:attachment":[{"href":"https:\/\/infosel.ulis.fr\/index.php?rest_route=%2Fwp%2Fv2%2Fmedia&parent=308"}],"wp:term":[{"taxonomy":"product_brand","embeddable":true,"href":"https:\/\/infosel.ulis.fr\/index.php?rest_route=%2Fwp%2Fv2%2Fproduct_brand&post=308"},{"taxonomy":"product_cat","embeddable":true,"href":"https:\/\/infosel.ulis.fr\/index.php?rest_route=%2Fwp%2Fv2%2Fproduct_cat&post=308"},{"taxonomy":"product_tag","embeddable":true,"href":"https:\/\/infosel.ulis.fr\/index.php?rest_route=%2Fwp%2Fv2%2Fproduct_tag&post=308"}],"curies":[{"name":"wp","href":"https:\/\/api.w.org\/{rel}","templated":true}]}}