{"id":140,"date":"2025-12-19T09:23:28","date_gmt":"2025-12-19T08:23:28","guid":{"rendered":"https:\/\/infosel.ulis.fr\/about\/"},"modified":"2026-01-07T09:55:25","modified_gmt":"2026-01-07T08:55:25","slug":"a-propos","status":"publish","type":"page","link":"https:\/\/infosel.ulis.fr\/?page_id=140","title":{"rendered":"\u00c0 propos"},"content":{"rendered":"\t\t<div data-elementor-type=\"wp-page\" data-elementor-id=\"140\" class=\"elementor elementor-140\">\n\t\t\t\t<div class=\"elementor-element elementor-element-32c521ee e-flex e-con-boxed e-con e-parent\" data-id=\"32c521ee\" data-element_type=\"container\" data-e-type=\"container\" data-settings=\"{&quot;background_background&quot;:&quot;classic&quot;}\">\n\t\t\t\t\t<div class=\"e-con-inner\">\n\t\t\t\t<div class=\"elementor-element elementor-element-3040bea7 elementor-widget elementor-widget-heading\" data-id=\"3040bea7\" data-element_type=\"widget\" data-e-type=\"widget\" data-widget_type=\"heading.default\">\n\t\t\t\t\t<h1 class=\"elementor-heading-title elementor-size-default\">\u00c0 propos<\/h1>\t\t\t\t<\/div>\n\t\t\t\t\t<\/div>\n\t\t\t\t<\/div>\n\t\t<div class=\"elementor-element elementor-element-367480d0 e-flex e-con-boxed e-con e-parent\" data-id=\"367480d0\" data-element_type=\"container\" data-e-type=\"container\">\n\t\t\t\t\t<div class=\"e-con-inner\">\n\t\t<div class=\"elementor-element elementor-element-7d9bfbec e-con-full e-flex e-con e-child\" data-id=\"7d9bfbec\" data-element_type=\"container\" data-e-type=\"container\">\n\t\t\t\t<div class=\"elementor-element elementor-element-79a5c0a4 elementor-widget elementor-widget-image\" data-id=\"79a5c0a4\" data-element_type=\"widget\" data-e-type=\"widget\" data-widget_type=\"image.default\">\n\t\t\t\t\t\t\t\t\t\t\t\t\t\t\t<img fetchpriority=\"high\" decoding=\"async\" width=\"2560\" height=\"1220\" src=\"https:\/\/infosel.ulis.fr\/wp-content\/uploads\/2025\/12\/Chantier-insertion-informatique-coupe1-scaled.jpg\" class=\"attachment-full size-full wp-image-165\" alt=\"\" srcset=\"https:\/\/infosel.ulis.fr\/wp-content\/uploads\/2025\/12\/Chantier-insertion-informatique-coupe1-scaled.jpg 2560w, https:\/\/infosel.ulis.fr\/wp-content\/uploads\/2025\/12\/Chantier-insertion-informatique-coupe1-scaled-600x286.jpg 600w, https:\/\/infosel.ulis.fr\/wp-content\/uploads\/2025\/12\/Chantier-insertion-informatique-coupe1-300x143.jpg 300w, https:\/\/infosel.ulis.fr\/wp-content\/uploads\/2025\/12\/Chantier-insertion-informatique-coupe1-1024x488.jpg 1024w, https:\/\/infosel.ulis.fr\/wp-content\/uploads\/2025\/12\/Chantier-insertion-informatique-coupe1-768x366.jpg 768w, https:\/\/infosel.ulis.fr\/wp-content\/uploads\/2025\/12\/Chantier-insertion-informatique-coupe1-1536x732.jpg 1536w, https:\/\/infosel.ulis.fr\/wp-content\/uploads\/2025\/12\/Chantier-insertion-informatique-coupe1-2048x976.jpg 2048w\" sizes=\"(max-width: 2560px) 100vw, 2560px\" \/>\t\t\t\t\t\t\t\t\t\t\t\t\t\t\t<\/div>\n\t\t\t\t<\/div>\n\t\t<div class=\"elementor-element elementor-element-4be14faa e-con-full e-flex e-con e-child\" data-id=\"4be14faa\" data-element_type=\"container\" data-e-type=\"container\">\n\t\t\t\t<div class=\"elementor-element elementor-element-256ce839 elementor-widget elementor-widget-heading\" data-id=\"256ce839\" data-element_type=\"widget\" data-e-type=\"widget\" data-widget_type=\"heading.default\">\n\t\t\t\t\t<h2 class=\"elementor-heading-title elementor-size-default\">L'association Infosel<\/h2>\t\t\t\t<\/div>\n\t\t\t\t<div class=\"elementor-element elementor-element-63efc00 elementor-widget elementor-widget-text-editor\" data-id=\"63efc00\" data-element_type=\"widget\" data-e-type=\"widget\" data-widget_type=\"text-editor.default\">\n\t\t\t\t\t\t\t\t\t<p>L\u2019Atelier Chantier d\u2019Insertion INFOSEL propose \u00e0 des personnes rencontrant des difficult\u00e9s sociales et professionnelles particuli\u00e8res (demandeurs d\u2019emploi de longue dur\u00e9e, allocataires de minimas sociaux, jeunes sans qualification\u2026) la reprise d\u2019une activit\u00e9 bas\u00e9e autour de la maintenance informatique, des formations et un accompagnement personnalis\u00e9 favorisant leur inclusion socioprofessionnelle.<\/p>\t\t\t\t\t\t\t\t<\/div>\n\t\t\t\t<div class=\"elementor-element elementor-element-27ab9aee elementor-widget elementor-widget-button\" data-id=\"27ab9aee\" data-element_type=\"widget\" data-e-type=\"widget\" data-widget_type=\"button.default\">\n\t\t\t\t\t\t\t\t\t\t<a class=\"elementor-button elementor-button-link elementor-size-sm\" href=\"https:\/\/radiofajet.wordpress.com\/2024\/09\/02\/a-la-decouverte-de-linsertion-par-lactivite-economique\/\" target=\"_blank\">\n\t\t\t\t\t\t<span class=\"elementor-button-content-wrapper\">\n\t\t\t\t\t\t\t\t\t<span class=\"elementor-button-text\">Ils parlent de nous !<\/span>\n\t\t\t\t\t<\/span>\n\t\t\t\t\t<\/a>\n\t\t\t\t\t\t\t\t<\/div>\n\t\t\t\t<\/div>\n\t\t\t\t\t<\/div>\n\t\t\t\t<\/div>\n\t\t<div class=\"elementor-element elementor-element-555bb6e e-flex e-con-boxed e-con e-parent\" data-id=\"555bb6e\" data-element_type=\"container\" data-e-type=\"container\">\n\t\t\t\t\t<div class=\"e-con-inner\">\n\t\t\t\t<div class=\"elementor-element elementor-element-8ad3bd3 elementor-widget elementor-widget-video\" data-id=\"8ad3bd3\" data-element_type=\"widget\" data-e-type=\"widget\" data-settings=\"{&quot;youtube_url&quot;:&quot;https:\\\/\\\/youtu.be\\\/QALkyDdOrsc&quot;,&quot;video_type&quot;:&quot;youtube&quot;,&quot;controls&quot;:&quot;yes&quot;}\" data-widget_type=\"video.default\">\n\t\t\t\t\t\t\t<div class=\"elementor-wrapper elementor-open-inline\">\n\t\t\t<div class=\"elementor-video\"><\/div>\t\t<\/div>\n\t\t\t\t\t\t<\/div>\n\t\t\t\t\t<\/div>\n\t\t\t\t<\/div>\n\t\t\t\t<\/div>\n\t\t","protected":false},"excerpt":{"rendered":"<p>\u00c0 propos L&rsquo;association Infosel L\u2019Atelier Chantier d\u2019Insertion INFOSEL propose \u00e0 des personnes rencontrant des difficult\u00e9s sociales et professionnelles particuli\u00e8res (demandeurs [&hellip;]<\/p>\n","protected":false},"author":2,"featured_media":0,"parent":0,"menu_order":0,"comment_status":"closed","ping_status":"closed","template":"","meta":{"site-sidebar-layout":"no-sidebar","site-content-layout":"","ast-site-content-layout":"full-width-container","site-content-style":"default","site-sidebar-style":"default","ast-global-header-display":"","ast-banner-title-visibility":"","ast-main-header-display":"","ast-hfb-above-header-display":"","ast-hfb-below-header-display":"","ast-hfb-mobile-header-display":"","site-post-title":"disabled","ast-breadcrumbs-content":"","ast-featured-img":"disabled","footer-sml-layout":"","ast-disable-related-posts":"","theme-transparent-header-meta":"","adv-header-id-meta":"","stick-header-meta":"","header-above-stick-meta":"","header-main-stick-meta":"","header-below-stick-meta":"","astra-migrate-meta-layouts":"default","ast-page-background-enabled":"default","ast-page-background-meta":{"desktop":{"background-color":"var(--ast-global-color-4)","background-image":"","background-repeat":"repeat","background-position":"center center","background-size":"auto","background-attachment":"scroll","background-type":"","background-media":"","overlay-type":"","overlay-color":"","overlay-opacity":"","overlay-gradient":""},"tablet":{"background-color":"","background-image":"","background-repeat":"repeat","background-position":"center center","background-size":"auto","background-attachment":"scroll","background-type":"","background-media":"","overlay-type":"","overlay-color":"","overlay-opacity":"","overlay-gradient":""},"mobile":{"background-color":"","background-image":"","background-repeat":"repeat","background-position":"center center","background-size":"auto","background-attachment":"scroll","background-type":"","background-media":"","overlay-type":"","overlay-color":"","overlay-opacity":"","overlay-gradient":""}},"ast-content-background-meta":{"desktop":{"background-color":"var(--ast-global-color-5)","background-image":"","background-repeat":"repeat","background-position":"center center","background-size":"auto","background-attachment":"scroll","background-type":"","background-media":"","overlay-type":"","overlay-color":"","overlay-opacity":"","overlay-gradient":""},"tablet":{"background-color":"var(--ast-global-color-5)","background-image":"","background-repeat":"repeat","background-position":"center center","background-size":"auto","background-attachment":"scroll","background-type":"","background-media":"","overlay-type":"","overlay-color":"","overlay-opacity":"","overlay-gradient":""},"mobile":{"background-color":"var(--ast-global-color-5)","background-image":"","background-repeat":"repeat","background-position":"center center","background-size":"auto","background-attachment":"scroll","background-type":"","background-media":"","overlay-type":"","overlay-color":"","overlay-opacity":"","overlay-gradient":""}},"footnotes":""},"class_list":["post-140","page","type-page","status-publish","hentry"],"_links":{"self":[{"href":"https:\/\/infosel.ulis.fr\/index.php?rest_route=\/wp\/v2\/pages\/140","targetHints":{"allow":["GET"]}}],"collection":[{"href":"https:\/\/infosel.ulis.fr\/index.php?rest_route=\/wp\/v2\/pages"}],"about":[{"href":"https:\/\/infosel.ulis.fr\/index.php?rest_route=\/wp\/v2\/types\/page"}],"author":[{"embeddable":true,"href":"https:\/\/infosel.ulis.fr\/index.php?rest_route=\/wp\/v2\/users\/2"}],"replies":[{"embeddable":true,"href":"https:\/\/infosel.ulis.fr\/index.php?rest_route=%2Fwp%2Fv2%2Fcomments&post=140"}],"version-history":[{"count":10,"href":"https:\/\/infosel.ulis.fr\/index.php?rest_route=\/wp\/v2\/pages\/140\/revisions"}],"predecessor-version":[{"id":236,"href":"https:\/\/infosel.ulis.fr\/index.php?rest_route=\/wp\/v2\/pages\/140\/revisions\/236"}],"wp:attachment":[{"href":"https:\/\/infosel.ulis.fr\/index.php?rest_route=%2Fwp%2Fv2%2Fmedia&parent=140"}],"curies":[{"name":"wp","href":"https:\/\/api.w.org\/{rel}","templated":true}]}}