{"id":132,"date":"2025-12-19T09:23:28","date_gmt":"2025-12-19T08:23:28","guid":{"rendered":"https:\/\/infosel.ulis.fr\/home\/"},"modified":"2026-02-25T09:23:43","modified_gmt":"2026-02-25T08:23:43","slug":"accueil","status":"publish","type":"page","link":"https:\/\/infosel.ulis.fr\/","title":{"rendered":"Accueil"},"content":{"rendered":"\t\t<div data-elementor-type=\"wp-page\" data-elementor-id=\"132\" class=\"elementor elementor-132\">\n\t\t\t\t<div class=\"elementor-element elementor-element-38c8f16c e-flex e-con-boxed elementor-invisible e-con e-parent\" data-id=\"38c8f16c\" data-element_type=\"container\" data-e-type=\"container\" data-settings=\"{&quot;background_background&quot;:&quot;classic&quot;,&quot;animation&quot;:&quot;fadeIn&quot;,&quot;animation_delay&quot;:100}\">\n\t\t\t\t\t<div class=\"e-con-inner\">\n\t\t\t\t<div class=\"elementor-element elementor-element-2dd7a55e elementor-widget elementor-widget-heading\" data-id=\"2dd7a55e\" data-element_type=\"widget\" data-e-type=\"widget\" data-widget_type=\"heading.default\">\n\t\t\t\t\t<h1 class=\"elementor-heading-title elementor-size-default\">Association INFOSEL<\/h1>\t\t\t\t<\/div>\n\t\t\t\t<div class=\"elementor-element elementor-element-318f8a05 elementor-widget__width-initial elementor-widget elementor-widget-text-editor\" data-id=\"318f8a05\" data-element_type=\"widget\" data-e-type=\"widget\" data-widget_type=\"text-editor.default\">\n\t\t\t\t\t\t\t\t\t<p><strong>R\u00e9cup\u00e9ration, reconditionnement et redistribution de mat\u00e9riel informatique<\/strong><\/p>\t\t\t\t\t\t\t\t<\/div>\n\t\t\t\t<div class=\"elementor-element elementor-element-35b27bd elementor-align-center elementor-button-info elementor-widget elementor-widget-button\" data-id=\"35b27bd\" data-element_type=\"widget\" data-e-type=\"widget\" data-widget_type=\"button.default\">\n\t\t\t\t\t\t\t\t\t\t<a class=\"elementor-button elementor-button-link elementor-size-sm\" href=\"https:\/\/infosel.ulis.fr\/?page_id=359\">\n\t\t\t\t\t\t<span class=\"elementor-button-content-wrapper\">\n\t\t\t\t\t\t\t\t\t<span class=\"elementor-button-text\">Faire un don de mat\u00e9riel<\/span>\n\t\t\t\t\t<\/span>\n\t\t\t\t\t<\/a>\n\t\t\t\t\t\t\t\t<\/div>\n\t\t\t\t\t<\/div>\n\t\t\t\t<\/div>\n\t\t<div class=\"elementor-element elementor-element-1859f515 e-flex e-con-boxed e-con e-parent\" data-id=\"1859f515\" data-element_type=\"container\" data-e-type=\"container\" data-settings=\"{&quot;background_background&quot;:&quot;classic&quot;}\">\n\t\t\t\t\t<div class=\"e-con-inner\">\n\t\t<div class=\"elementor-element elementor-element-5c363d8f e-con-full e-flex e-con e-child\" data-id=\"5c363d8f\" data-element_type=\"container\" data-e-type=\"container\">\n\t\t\t\t<div class=\"elementor-element elementor-element-78abc0f elementor-widget-mobile__width-initial elementor-widget elementor-widget-heading\" data-id=\"78abc0f\" data-element_type=\"widget\" data-e-type=\"widget\" data-widget_type=\"heading.default\">\n\t\t\t\t\t<h3 class=\"elementor-heading-title elementor-size-default\">Plus de 200<\/h3>\t\t\t\t<\/div>\n\t\t\t\t<div class=\"elementor-element elementor-element-5afe4fbd elementor-widget__width-initial elementor-widget elementor-widget-text-editor\" data-id=\"5afe4fbd\" data-element_type=\"widget\" data-e-type=\"widget\" data-widget_type=\"text-editor.default\">\n\t\t\t\t\t\t\t\t\t<div class=\"wp-block-column has-global-padding is-layout-constrained wp-container-core-column-is-layout-3 wp-block-column-is-layout-constrained\"><p class=\"has-text-align-center has-text-color has-link-color wp-elements-cf44f321e6c1707e0a3007f23921f639\" data-oa-prompt=\"Please now create a great description for the previous numerical value. No more than 55 characters.\">dons d&rsquo;ordinateurs reconditionn\u00e9s en 2025<\/p><\/div>\t\t\t\t\t\t\t\t<\/div>\n\t\t\t\t<\/div>\n\t\t<div class=\"elementor-element elementor-element-40d32897 e-con-full e-flex e-con e-child\" data-id=\"40d32897\" data-element_type=\"container\" data-e-type=\"container\">\n\t\t\t\t<div class=\"elementor-element elementor-element-bccc69b elementor-widget elementor-widget-heading\" data-id=\"bccc69b\" data-element_type=\"widget\" data-e-type=\"widget\" data-widget_type=\"heading.default\">\n\t\t\t\t\t<h3 class=\"elementor-heading-title elementor-size-default\">78%<\/h3>\t\t\t\t<\/div>\n\t\t\t\t<div class=\"elementor-element elementor-element-63af1b5a elementor-widget__width-initial elementor-widget elementor-widget-text-editor\" data-id=\"63af1b5a\" data-element_type=\"widget\" data-e-type=\"widget\" data-widget_type=\"text-editor.default\">\n\t\t\t\t\t\t\t\t\t<div class=\"wp-block-column has-global-padding is-layout-constrained wp-container-core-column-is-layout-3 wp-block-column-is-layout-constrained\"><p class=\"has-text-align-center has-text-color has-link-color wp-elements-cf44f321e6c1707e0a3007f23921f639\" data-oa-prompt=\"Please now create a great description for the previous numerical value. No more than 55 characters.\">de salari\u00e9s en retour vers l&#8217;emploi ou la formation<\/p><\/div>\t\t\t\t\t\t\t\t<\/div>\n\t\t\t\t<\/div>\n\t\t<div class=\"elementor-element elementor-element-5e5a125d e-con-full e-flex e-con e-child\" data-id=\"5e5a125d\" data-element_type=\"container\" data-e-type=\"container\">\n\t\t\t\t<div class=\"elementor-element elementor-element-26a9c2ab elementor-widget elementor-widget-heading\" data-id=\"26a9c2ab\" data-element_type=\"widget\" data-e-type=\"widget\" data-widget_type=\"heading.default\">\n\t\t\t\t\t<h3 class=\"elementor-heading-title elementor-size-default\">12,5 tonnes<\/h3>\t\t\t\t<\/div>\n\t\t\t\t<div class=\"elementor-element elementor-element-1e79e775 elementor-widget__width-initial elementor-widget elementor-widget-text-editor\" data-id=\"1e79e775\" data-element_type=\"widget\" data-e-type=\"widget\" data-widget_type=\"text-editor.default\">\n\t\t\t\t\t\t\t\t\t<div class=\"wp-block-column has-global-padding is-layout-constrained wp-container-core-column-is-layout-3 wp-block-column-is-layout-constrained\"><p class=\"has-text-align-center has-text-color has-link-color wp-elements-cf44f321e6c1707e0a3007f23921f639\" data-oa-prompt=\"Please now create a great description for the previous numerical value. No more than 55 characters.\">de mat\u00e9riel informatique reconditionn\u00e9 ou recycl\u00e9 en 2025<\/p><\/div>\t\t\t\t\t\t\t\t<\/div>\n\t\t\t\t<\/div>\n\t\t\t\t\t<\/div>\n\t\t\t\t<\/div>\n\t\t<div class=\"elementor-element elementor-element-1228f45f e-flex e-con-boxed e-con e-parent\" data-id=\"1228f45f\" data-element_type=\"container\" data-e-type=\"container\">\n\t\t\t\t\t<div class=\"e-con-inner\">\n\t\t\t\t<div class=\"elementor-element elementor-element-3ba506ea elementor-widget elementor-widget-heading\" data-id=\"3ba506ea\" data-element_type=\"widget\" data-e-type=\"widget\" data-widget_type=\"heading.default\">\n\t\t\t\t\t<h2 class=\"elementor-heading-title elementor-size-default\">Nos actions<\/h2>\t\t\t\t<\/div>\n\t\t<div class=\"elementor-element elementor-element-4fcdefe3 e-con-full e-flex e-con e-child\" data-id=\"4fcdefe3\" data-element_type=\"container\" data-e-type=\"container\">\n\t\t<div class=\"elementor-element elementor-element-4ff956e6 e-con-full e-flex e-con e-child\" data-id=\"4ff956e6\" data-element_type=\"container\" data-e-type=\"container\">\n\t\t\t\t<div class=\"elementor-element elementor-element-2256551f elementor-widget-mobile__width-initial elementor-invisible elementor-widget elementor-widget-image\" data-id=\"2256551f\" data-element_type=\"widget\" data-e-type=\"widget\" data-settings=\"{&quot;_animation&quot;:&quot;fadeIn&quot;}\" data-widget_type=\"image.default\">\n\t\t\t\t\t\t\t\t\t\t\t\t\t\t\t\t<a href=\"https:\/\/infosel.ulis.fr\/?page_id=386\">\n\t\t\t\t\t\t\t<img fetchpriority=\"high\" decoding=\"async\" width=\"512\" height=\"512\" src=\"https:\/\/infosel.ulis.fr\/wp-content\/uploads\/2026\/01\/carton-by-Howcolor.png\" class=\"elementor-animation-shrink attachment-medium_large size-medium_large wp-image-203\" alt=\"\" srcset=\"https:\/\/infosel.ulis.fr\/wp-content\/uploads\/2026\/01\/carton-by-Howcolor.png 512w, https:\/\/infosel.ulis.fr\/wp-content\/uploads\/2026\/01\/carton-by-Howcolor-300x300.png 300w, https:\/\/infosel.ulis.fr\/wp-content\/uploads\/2026\/01\/carton-by-Howcolor-100x100.png 100w, https:\/\/infosel.ulis.fr\/wp-content\/uploads\/2026\/01\/carton-by-Howcolor-150x150.png 150w\" sizes=\"(max-width: 512px) 100vw, 512px\" \/>\t\t\t\t\t\t\t\t<\/a>\n\t\t\t\t\t\t\t\t\t\t\t\t\t\t\t<\/div>\n\t\t\t\t<div class=\"elementor-element elementor-element-e9b19bb elementor-widget elementor-widget-heading\" data-id=\"e9b19bb\" data-element_type=\"widget\" data-e-type=\"widget\" data-widget_type=\"heading.default\">\n\t\t\t\t\t<h5 class=\"elementor-heading-title elementor-size-default\">Collecte<\/h5>\t\t\t\t<\/div>\n\t\t\t\t<div class=\"elementor-element elementor-element-12501d53 elementor-widget elementor-widget-text-editor\" data-id=\"12501d53\" data-element_type=\"widget\" data-e-type=\"widget\" data-widget_type=\"text-editor.default\">\n\t\t\t\t\t\t\t\t\t<p>Collecte de mat\u00e9riel informatique aupr\u00e8s des entreprises, collectivit\u00e9s et associations<\/p>\t\t\t\t\t\t\t\t<\/div>\n\t\t\t\t<div class=\"elementor-element elementor-element-34049eb6 elementor-align-center elementor-invisible elementor-widget elementor-widget-button\" data-id=\"34049eb6\" data-element_type=\"widget\" data-e-type=\"widget\" data-settings=\"{&quot;_animation&quot;:&quot;fadeIn&quot;}\" data-widget_type=\"button.default\">\n\t\t\t\t\t\t\t\t\t\t<a class=\"elementor-button elementor-button-link elementor-size-sm\" href=\"https:\/\/infosel.ulis.fr\/?page_id=386\">\n\t\t\t\t\t\t<span class=\"elementor-button-content-wrapper\">\n\t\t\t\t\t\t\t\t\t<span class=\"elementor-button-text\">Plus d'informations<\/span>\n\t\t\t\t\t<\/span>\n\t\t\t\t\t<\/a>\n\t\t\t\t\t\t\t\t<\/div>\n\t\t\t\t<\/div>\n\t\t<div class=\"elementor-element elementor-element-5b06f288 e-con-full e-flex e-con e-child\" data-id=\"5b06f288\" data-element_type=\"container\" data-e-type=\"container\">\n\t\t\t\t<div class=\"elementor-element elementor-element-74413c32 elementor-widget-mobile__width-initial elementor-invisible elementor-widget elementor-widget-image\" data-id=\"74413c32\" data-element_type=\"widget\" data-e-type=\"widget\" data-settings=\"{&quot;_animation&quot;:&quot;fadeIn&quot;}\" data-widget_type=\"image.default\">\n\t\t\t\t\t\t\t\t\t\t\t\t\t\t\t\t<a href=\"https:\/\/infosel.ulis.fr\/?page_id=405\">\n\t\t\t\t\t\t\t<img decoding=\"async\" width=\"512\" height=\"512\" src=\"https:\/\/infosel.ulis.fr\/wp-content\/uploads\/2026\/01\/tool-by-Howcolor.png\" class=\"elementor-animation-shrink attachment-medium_large size-medium_large wp-image-205\" alt=\"\" srcset=\"https:\/\/infosel.ulis.fr\/wp-content\/uploads\/2026\/01\/tool-by-Howcolor.png 512w, https:\/\/infosel.ulis.fr\/wp-content\/uploads\/2026\/01\/tool-by-Howcolor-300x300.png 300w, https:\/\/infosel.ulis.fr\/wp-content\/uploads\/2026\/01\/tool-by-Howcolor-100x100.png 100w, https:\/\/infosel.ulis.fr\/wp-content\/uploads\/2026\/01\/tool-by-Howcolor-150x150.png 150w\" sizes=\"(max-width: 512px) 100vw, 512px\" \/>\t\t\t\t\t\t\t\t<\/a>\n\t\t\t\t\t\t\t\t\t\t\t\t\t\t\t<\/div>\n\t\t\t\t<div class=\"elementor-element elementor-element-25d90f01 elementor-widget elementor-widget-heading\" data-id=\"25d90f01\" data-element_type=\"widget\" data-e-type=\"widget\" data-widget_type=\"heading.default\">\n\t\t\t\t\t<h5 class=\"elementor-heading-title elementor-size-default\">Reconditionnement\n<\/h5>\t\t\t\t<\/div>\n\t\t\t\t<div class=\"elementor-element elementor-element-3b4a0eb8 elementor-widget elementor-widget-text-editor\" data-id=\"3b4a0eb8\" data-element_type=\"widget\" data-e-type=\"widget\" data-widget_type=\"text-editor.default\">\n\t\t\t\t\t\t\t\t\t<p class=\"has-text-color\" data-oa-prompt=\"Please now create a great description for the previous title. No more than 90 characters.\">Tri du mat\u00e9riel, effacement des donn\u00e9es, nettoyage et reconditionnement<\/p>\t\t\t\t\t\t\t\t<\/div>\n\t\t\t\t<div class=\"elementor-element elementor-element-c5dd179 elementor-align-center elementor-invisible elementor-widget elementor-widget-button\" data-id=\"c5dd179\" data-element_type=\"widget\" data-e-type=\"widget\" data-settings=\"{&quot;_animation&quot;:&quot;fadeIn&quot;}\" data-widget_type=\"button.default\">\n\t\t\t\t\t\t\t\t\t\t<a class=\"elementor-button elementor-button-link elementor-size-sm\" href=\"https:\/\/infosel.ulis.fr\/?page_id=405\">\n\t\t\t\t\t\t<span class=\"elementor-button-content-wrapper\">\n\t\t\t\t\t\t\t\t\t<span class=\"elementor-button-text\">Plus d'informations<\/span>\n\t\t\t\t\t<\/span>\n\t\t\t\t\t<\/a>\n\t\t\t\t\t\t\t\t<\/div>\n\t\t\t\t<\/div>\n\t\t<div class=\"elementor-element elementor-element-6da2faf0 e-con-full e-flex e-con e-child\" data-id=\"6da2faf0\" data-element_type=\"container\" data-e-type=\"container\">\n\t\t\t\t<div class=\"elementor-element elementor-element-514136a9 elementor-invisible elementor-widget elementor-widget-image\" data-id=\"514136a9\" data-element_type=\"widget\" data-e-type=\"widget\" data-settings=\"{&quot;_animation&quot;:&quot;fadeIn&quot;}\" data-widget_type=\"image.default\">\n\t\t\t\t\t\t\t\t\t\t\t\t\t\t\t\t<a href=\"https:\/\/infosel.ulis.fr\/?page_id=414\">\n\t\t\t\t\t\t\t<img decoding=\"async\" width=\"512\" height=\"512\" src=\"https:\/\/infosel.ulis.fr\/wp-content\/uploads\/2026\/01\/business-by-Howcolor.png\" class=\"elementor-animation-shrink attachment-medium_large size-medium_large wp-image-204\" alt=\"\" srcset=\"https:\/\/infosel.ulis.fr\/wp-content\/uploads\/2026\/01\/business-by-Howcolor.png 512w, https:\/\/infosel.ulis.fr\/wp-content\/uploads\/2026\/01\/business-by-Howcolor-300x300.png 300w, https:\/\/infosel.ulis.fr\/wp-content\/uploads\/2026\/01\/business-by-Howcolor-100x100.png 100w, https:\/\/infosel.ulis.fr\/wp-content\/uploads\/2026\/01\/business-by-Howcolor-150x150.png 150w\" sizes=\"(max-width: 512px) 100vw, 512px\" \/>\t\t\t\t\t\t\t\t<\/a>\n\t\t\t\t\t\t\t\t\t\t\t\t\t\t\t<\/div>\n\t\t\t\t<div class=\"elementor-element elementor-element-1cbf87cf elementor-widget elementor-widget-heading\" data-id=\"1cbf87cf\" data-element_type=\"widget\" data-e-type=\"widget\" data-widget_type=\"heading.default\">\n\t\t\t\t\t<h5 class=\"elementor-heading-title elementor-size-default\">Redistribution<\/h5>\t\t\t\t<\/div>\n\t\t\t\t<div class=\"elementor-element elementor-element-7d71c71f elementor-widget elementor-widget-text-editor\" data-id=\"7d71c71f\" data-element_type=\"widget\" data-e-type=\"widget\" data-widget_type=\"text-editor.default\">\n\t\t\t\t\t\t\t\t\t<p class=\"has-text-color\" data-oa-prompt=\"Please now create a great description for the previous title. No more than 90 characters.\">Don ou vente d&rsquo;\u00e9quipement informatique reconditionn\u00e9 et garanti<\/p>\t\t\t\t\t\t\t\t<\/div>\n\t\t\t\t<div class=\"elementor-element elementor-element-4cab2fda elementor-align-center elementor-invisible elementor-widget elementor-widget-button\" data-id=\"4cab2fda\" data-element_type=\"widget\" data-e-type=\"widget\" data-settings=\"{&quot;_animation&quot;:&quot;fadeIn&quot;}\" data-widget_type=\"button.default\">\n\t\t\t\t\t\t\t\t\t\t<a class=\"elementor-button elementor-button-link elementor-size-sm\" href=\"https:\/\/infosel.ulis.fr\/?page_id=414\">\n\t\t\t\t\t\t<span class=\"elementor-button-content-wrapper\">\n\t\t\t\t\t\t\t\t\t<span class=\"elementor-button-text\">Plus d'informations<\/span>\n\t\t\t\t\t<\/span>\n\t\t\t\t\t<\/a>\n\t\t\t\t\t\t\t\t<\/div>\n\t\t\t\t<\/div>\n\t\t\t\t<\/div>\n\t\t\t\t\t<\/div>\n\t\t\t\t<\/div>\n\t\t<div class=\"elementor-element elementor-element-34234610 e-flex e-con-boxed e-con e-parent\" data-id=\"34234610\" data-element_type=\"container\" data-e-type=\"container\" data-settings=\"{&quot;background_background&quot;:&quot;classic&quot;}\">\n\t\t\t\t\t<div class=\"e-con-inner\">\n\t\t<div class=\"elementor-element elementor-element-22f0b201 e-con-full animated-slow e-flex elementor-invisible e-con e-child\" data-id=\"22f0b201\" data-element_type=\"container\" data-e-type=\"container\" data-settings=\"{&quot;animation&quot;:&quot;fadeInLeft&quot;}\">\n\t\t\t\t<div class=\"elementor-element elementor-element-61eb0dad elementor-widget elementor-widget-heading\" data-id=\"61eb0dad\" data-element_type=\"widget\" data-e-type=\"widget\" data-widget_type=\"heading.default\">\n\t\t\t\t\t<h2 class=\"elementor-heading-title elementor-size-default\">\u00c0 propos\n<\/h2>\t\t\t\t<\/div>\n\t\t\t\t<div class=\"elementor-element elementor-element-661349ae elementor-widget elementor-widget-text-editor\" data-id=\"661349ae\" data-element_type=\"widget\" data-e-type=\"widget\" data-widget_type=\"text-editor.default\">\n\t\t\t\t\t\t\t\t\t<p>L&rsquo;Atelier Chantier d&rsquo;Insertion INFOSEL propose \u00e0 des personnes rencontrant des difficult\u00e9s sociales et professionnelles particuli\u00e8res (demandeurs d&#8217;emploi de longue dur\u00e9e, allocataires de minimas sociaux, jeunes sans qualification&#8230;) la reprise d&rsquo;une activit\u00e9 bas\u00e9e autour de la maintenance informatique, des formations et un accompagnement personnalis\u00e9 favorisant leur inclusion socioprofessionnelle.\u00a0<\/p>\t\t\t\t\t\t\t\t<\/div>\n\t\t\t\t<div class=\"elementor-element elementor-element-5128e9e elementor-invisible elementor-widget elementor-widget-button\" data-id=\"5128e9e\" data-element_type=\"widget\" data-e-type=\"widget\" data-settings=\"{&quot;_animation&quot;:&quot;fadeIn&quot;}\" data-widget_type=\"button.default\">\n\t\t\t\t\t\t\t\t\t\t<a class=\"elementor-button elementor-button-link elementor-size-sm\" href=\"#\">\n\t\t\t\t\t\t<span class=\"elementor-button-content-wrapper\">\n\t\t\t\t\t\t\t\t\t<span class=\"elementor-button-text\">D\u00e9couvrir le chantier<\/span>\n\t\t\t\t\t<\/span>\n\t\t\t\t\t<\/a>\n\t\t\t\t\t\t\t\t<\/div>\n\t\t\t\t<\/div>\n\t\t<div class=\"elementor-element elementor-element-771590bb e-con-full animated-slow e-flex elementor-invisible e-con e-child\" data-id=\"771590bb\" data-element_type=\"container\" data-e-type=\"container\" data-settings=\"{&quot;animation&quot;:&quot;fadeInRight&quot;}\">\n\t\t\t\t<div class=\"elementor-element elementor-element-525003a7 elementor-widget elementor-widget-image\" data-id=\"525003a7\" data-element_type=\"widget\" data-e-type=\"widget\" data-widget_type=\"image.default\">\n\t\t\t\t\t\t\t\t\t\t\t\t\t\t\t<img loading=\"lazy\" decoding=\"async\" width=\"2560\" height=\"1220\" src=\"https:\/\/infosel.ulis.fr\/wp-content\/uploads\/2025\/12\/Chantier-insertion-informatique-coupe1-scaled.jpg\" class=\"attachment-full size-full wp-image-165\" alt=\"\" srcset=\"https:\/\/infosel.ulis.fr\/wp-content\/uploads\/2025\/12\/Chantier-insertion-informatique-coupe1-scaled.jpg 2560w, https:\/\/infosel.ulis.fr\/wp-content\/uploads\/2025\/12\/Chantier-insertion-informatique-coupe1-scaled-600x286.jpg 600w, https:\/\/infosel.ulis.fr\/wp-content\/uploads\/2025\/12\/Chantier-insertion-informatique-coupe1-300x143.jpg 300w, https:\/\/infosel.ulis.fr\/wp-content\/uploads\/2025\/12\/Chantier-insertion-informatique-coupe1-1024x488.jpg 1024w, https:\/\/infosel.ulis.fr\/wp-content\/uploads\/2025\/12\/Chantier-insertion-informatique-coupe1-768x366.jpg 768w, https:\/\/infosel.ulis.fr\/wp-content\/uploads\/2025\/12\/Chantier-insertion-informatique-coupe1-1536x732.jpg 1536w, https:\/\/infosel.ulis.fr\/wp-content\/uploads\/2025\/12\/Chantier-insertion-informatique-coupe1-2048x976.jpg 2048w\" sizes=\"(max-width: 2560px) 100vw, 2560px\" \/>\t\t\t\t\t\t\t\t\t\t\t\t\t\t\t<\/div>\n\t\t\t\t<\/div>\n\t\t\t\t\t<\/div>\n\t\t\t\t<\/div>\n\t\t<div class=\"elementor-element elementor-element-793baeaf e-flex e-con-boxed e-con e-parent\" data-id=\"793baeaf\" data-element_type=\"container\" data-e-type=\"container\">\n\t\t\t\t\t<div class=\"e-con-inner\">\n\t\t\t\t<div class=\"elementor-element elementor-element-f7a121a elementor-widget elementor-widget-heading\" data-id=\"f7a121a\" data-element_type=\"widget\" data-e-type=\"widget\" data-widget_type=\"heading.default\">\n\t\t\t\t\t<h2 class=\"elementor-heading-title elementor-size-default\">Nos partenaires<\/h2>\t\t\t\t<\/div>\n\t\t\t\t<div class=\"elementor-element elementor-element-157f6cc elementor-invisible elementor-widget elementor-widget-image\" data-id=\"157f6cc\" data-element_type=\"widget\" data-e-type=\"widget\" data-settings=\"{&quot;_animation&quot;:&quot;fadeInLeft&quot;,&quot;_animation_delay&quot;:300}\" data-widget_type=\"image.default\">\n\t\t\t\t\t\t\t\t\t\t\t\t\t\t\t<img loading=\"lazy\" decoding=\"async\" width=\"1024\" height=\"576\" src=\"https:\/\/infosel.ulis.fr\/wp-content\/uploads\/2026\/01\/Logos-partenaires-1-1024x576.png\" class=\"attachment-large size-large wp-image-325\" alt=\"\" srcset=\"https:\/\/infosel.ulis.fr\/wp-content\/uploads\/2026\/01\/Logos-partenaires-1-1024x576.png 1024w, https:\/\/infosel.ulis.fr\/wp-content\/uploads\/2026\/01\/Logos-partenaires-1-300x169.png 300w, https:\/\/infosel.ulis.fr\/wp-content\/uploads\/2026\/01\/Logos-partenaires-1-768x432.png 768w, https:\/\/infosel.ulis.fr\/wp-content\/uploads\/2026\/01\/Logos-partenaires-1-1536x864.png 1536w, https:\/\/infosel.ulis.fr\/wp-content\/uploads\/2026\/01\/Logos-partenaires-1-600x338.png 600w, https:\/\/infosel.ulis.fr\/wp-content\/uploads\/2026\/01\/Logos-partenaires-1.png 1920w\" sizes=\"(max-width: 1024px) 100vw, 1024px\" \/>\t\t\t\t\t\t\t\t\t\t\t\t\t\t\t<\/div>\n\t\t\t\t\t<\/div>\n\t\t\t\t<\/div>\n\t\t\t\t<\/div>\n\t\t","protected":false},"excerpt":{"rendered":"<p>Association INFOSEL R\u00e9cup\u00e9ration, reconditionnement et redistribution de mat\u00e9riel informatique Faire un don de mat\u00e9riel Plus de 200 dons d&rsquo;ordinateurs reconditionn\u00e9s [&hellip;]<\/p>\n","protected":false},"author":2,"featured_media":0,"parent":0,"menu_order":0,"comment_status":"closed","ping_status":"closed","template":"","meta":{"site-sidebar-layout":"no-sidebar","site-content-layout":"","ast-site-content-layout":"full-width-container","site-content-style":"default","site-sidebar-style":"default","ast-global-header-display":"","ast-banner-title-visibility":"","ast-main-header-display":"","ast-hfb-above-header-display":"","ast-hfb-below-header-display":"","ast-hfb-mobile-header-display":"","site-post-title":"disabled","ast-breadcrumbs-content":"","ast-featured-img":"disabled","footer-sml-layout":"","ast-disable-related-posts":"","theme-transparent-header-meta":"","adv-header-id-meta":"","stick-header-meta":"","header-above-stick-meta":"","header-main-stick-meta":"","header-below-stick-meta":"","astra-migrate-meta-layouts":"default","ast-page-background-enabled":"default","ast-page-background-meta":{"desktop":{"background-color":"var(--ast-global-color-4)","background-image":"","background-repeat":"repeat","background-position":"center center","background-size":"auto","background-attachment":"scroll","background-type":"","background-media":"","overlay-type":"","overlay-color":"","overlay-opacity":"","overlay-gradient":""},"tablet":{"background-color":"","background-image":"","background-repeat":"repeat","background-position":"center center","background-size":"auto","background-attachment":"scroll","background-type":"","background-media":"","overlay-type":"","overlay-color":"","overlay-opacity":"","overlay-gradient":""},"mobile":{"background-color":"","background-image":"","background-repeat":"repeat","background-position":"center center","background-size":"auto","background-attachment":"scroll","background-type":"","background-media":"","overlay-type":"","overlay-color":"","overlay-opacity":"","overlay-gradient":""}},"ast-content-background-meta":{"desktop":{"background-color":"var(--ast-global-color-5)","background-image":"","background-repeat":"repeat","background-position":"center center","background-size":"auto","background-attachment":"scroll","background-type":"","background-media":"","overlay-type":"","overlay-color":"","overlay-opacity":"","overlay-gradient":""},"tablet":{"background-color":"var(--ast-global-color-5)","background-image":"","background-repeat":"repeat","background-position":"center center","background-size":"auto","background-attachment":"scroll","background-type":"","background-media":"","overlay-type":"","overlay-color":"","overlay-opacity":"","overlay-gradient":""},"mobile":{"background-color":"var(--ast-global-color-5)","background-image":"","background-repeat":"repeat","background-position":"center center","background-size":"auto","background-attachment":"scroll","background-type":"","background-media":"","overlay-type":"","overlay-color":"","overlay-opacity":"","overlay-gradient":""}},"footnotes":""},"class_list":["post-132","page","type-page","status-publish","hentry"],"_links":{"self":[{"href":"https:\/\/infosel.ulis.fr\/index.php?rest_route=\/wp\/v2\/pages\/132","targetHints":{"allow":["GET"]}}],"collection":[{"href":"https:\/\/infosel.ulis.fr\/index.php?rest_route=\/wp\/v2\/pages"}],"about":[{"href":"https:\/\/infosel.ulis.fr\/index.php?rest_route=\/wp\/v2\/types\/page"}],"author":[{"embeddable":true,"href":"https:\/\/infosel.ulis.fr\/index.php?rest_route=\/wp\/v2\/users\/2"}],"replies":[{"embeddable":true,"href":"https:\/\/infosel.ulis.fr\/index.php?rest_route=%2Fwp%2Fv2%2Fcomments&post=132"}],"version-history":[{"count":52,"href":"https:\/\/infosel.ulis.fr\/index.php?rest_route=\/wp\/v2\/pages\/132\/revisions"}],"predecessor-version":[{"id":524,"href":"https:\/\/infosel.ulis.fr\/index.php?rest_route=\/wp\/v2\/pages\/132\/revisions\/524"}],"wp:attachment":[{"href":"https:\/\/infosel.ulis.fr\/index.php?rest_route=%2Fwp%2Fv2%2Fmedia&parent=132"}],"curies":[{"name":"wp","href":"https:\/\/api.w.org\/{rel}","templated":true}]}}